{"id":94,"date":"2025-10-05T07:09:05","date_gmt":"2025-10-05T07:09:05","guid":{"rendered":"https:\/\/tcm-naturheilpraxis-haiber.de\/apotheke\/?post_type=product&#038;p=94"},"modified":"2025-10-05T07:13:59","modified_gmt":"2025-10-05T07:13:59","slug":"libidion","status":"publish","type":"product","link":"https:\/\/tcm-naturheilpraxis-haiber.de\/apotheke\/product\/libidion\/","title":{"rendered":"Libidion"},"content":{"rendered":"\r\n<h2 class=\"wp-block-heading\"><strong>Libidion Bewertungen<\/strong><\/h2>\r\n<p><img loading=\"lazy\" decoding=\"async\" class=\"alignnone size-medium wp-image-95 aligncenter\" src=\"https:\/\/tcm-naturheilpraxis-haiber.de\/apotheke\/wp-content\/uploads\/2025\/10\/Libidion-Bewertungen-300x294.jpg\" alt=\"Libidion Bewertungen\" width=\"300\" height=\"294\" srcset=\"https:\/\/tcm-naturheilpraxis-haiber.de\/apotheke\/wp-content\/uploads\/2025\/10\/Libidion-Bewertungen-300x294.jpg 300w, https:\/\/tcm-naturheilpraxis-haiber.de\/apotheke\/wp-content\/uploads\/2025\/10\/Libidion-Bewertungen.jpg 322w\" sizes=\"auto, (max-width: 300px) 100vw, 300px\" \/><\/p>\r\n<p data-start=\"2395\" data-end=\"2724\">Energieverlust, M\u00fcdigkeit und sinkende Motivation \u2013 viele M\u00e4nner kennen das. Der K\u00f6rper zeigt so, dass er zus\u00e4tzliche Unterst\u00fctzung braucht. <strong data-start=\"2536\" data-end=\"2548\">Libidion<\/strong> ist ein Nahrungserg\u00e4nzungsmittel, das genau darauf abgestimmt ist. Mit nat\u00fcrlichen Inhaltsstoffen hilft es, die Energie und Ausdauer zu f\u00f6rdern \u2013 ganz ohne k\u00fcnstliche Zus\u00e4tze.<\/p>\r\n<h2 class=\"wp-block-heading\"><strong>Libidion Vorteile<\/strong><\/h2>\r\n<ul data-start=\"2476\" data-end=\"2878\">\r\n<li data-start=\"2476\" data-end=\"2542\">\r\n<p data-start=\"2478\" data-end=\"2542\"><strong data-start=\"2478\" data-end=\"2490\">Libidion<\/strong> verbessert Ausdauer, Konzentration und Vitalit\u00e4t.<\/p>\r\n<\/li>\r\n<li data-start=\"2543\" data-end=\"2616\">\r\n<p data-start=\"2545\" data-end=\"2616\">Zusammensetzung aus <strong data-start=\"2565\" data-end=\"2613\">pflanzlichen Extrakten, Zink und B-Vitaminen<\/strong>.<\/p>\r\n<\/li>\r\n<li data-start=\"2617\" data-end=\"2675\">\r\n<p data-start=\"2619\" data-end=\"2675\">Unterst\u00fctzt Energieproduktion und psychische Leistung.<\/p>\r\n<\/li>\r\n<li data-start=\"2676\" data-end=\"2727\">\r\n<p data-start=\"2678\" data-end=\"2727\">Reduziert Stress dank Maca- und Ginseng-Effekt.<\/p>\r\n<\/li>\r\n<li data-start=\"2728\" data-end=\"2771\">\r\n<p data-start=\"2730\" data-end=\"2771\">Bequem t\u00e4glich einnehmbar ohne Aufwand.<\/p>\r\n<\/li>\r\n<li data-start=\"2772\" data-end=\"2830\">\r\n<p data-start=\"2774\" data-end=\"2830\">Gefertigt in Deutschland mit hoher Qualit\u00e4tskontrolle.<\/p>\r\n<\/li>\r\n<li data-start=\"2831\" data-end=\"2878\">\r\n<p data-start=\"2833\" data-end=\"2878\">Erh\u00e4ltlich f\u00fcr <strong data-start=\"2848\" data-end=\"2859\">49,90 \u20ac<\/strong> \u2013 statt 69,90 \u20ac.<\/p>\r\n<\/li>\r\n<\/ul>\r\n<p><a href=\"https:\/\/tcm-naturheilpraxis-haiber.de\/apotheke\/go\/Libidion\"><strong>\ud83d\udc49 RABATTE &#8211; 75 % + kostenloser Versand f\u00fcr Libidion\u2013 Begrenzte Zeit \u2013 JETZT KAUFEN! \ud83d\udc48<\/strong><\/a><\/p>\r\n\r\n<h2 class=\"wp-block-heading\"><strong>Was ist Libidion?<\/strong><\/h2>\r\n<p data-start=\"3783\" data-end=\"4376\"><strong data-start=\"3783\" data-end=\"3795\">Libidion<\/strong> wurde entwickelt, um Menschen zu helfen, ihre Energie, Vitalit\u00e4t und Konzentration zu verbessern. Die Formel enth\u00e4lt wertvolle Kr\u00e4uter, Vitamine und Mineralstoffe, die zusammenwirken, um den Stoffwechsel zu f\u00f6rdern und das allgemeine Wohlbefinden zu steigern. Es wird oft von Personen verwendet, die im Alltag stark belastet sind und eine nat\u00fcrliche M\u00f6glichkeit suchen, M\u00fcdigkeit zu bek\u00e4mpfen. Die praktischen Kapseln lassen sich leicht in die t\u00e4gliche Routine einbauen. Anwender sch\u00e4tzen die hohe Qualit\u00e4t und Reinheit der Inhaltsstoffe, die frei von k\u00fcnstlichen Zus\u00e4tzen sind.<\/p>\r\n<h2 class=\"wp-block-heading\"><strong>Wie wirken Libidion?<\/strong><\/h2>\r\n<p data-start=\"2953\" data-end=\"3426\">Die Wirkung von <strong data-start=\"2969\" data-end=\"2981\">Libidion<\/strong> beruht auf drei Hauptzutaten: <strong data-start=\"3012\" data-end=\"3025\">L-Arginin<\/strong>, <strong data-start=\"3027\" data-end=\"3038\">Ginseng<\/strong> und <strong data-start=\"3043\" data-end=\"3051\">Maca<\/strong>. L-Arginin erweitert die Blutgef\u00e4\u00dfe, wodurch die Durchblutung verbessert und die Muskulatur besser mit Sauerstoff versorgt wird. <strong data-start=\"3181\" data-end=\"3192\">Ginseng<\/strong> sorgt f\u00fcr neue Energie und geistige Klarheit, w\u00e4hrend <strong data-start=\"3247\" data-end=\"3255\">Maca<\/strong> den Hormonhaushalt ausgleicht und Ausdauer steigert. Diese Kombination hilft, die k\u00f6rperliche und seelische Balance wiederherzustellen und die Lebensenergie zu erh\u00f6hen.<\/p>\r\n<p data-start=\"2953\" data-end=\"3426\"><a href=\"https:\/\/tcm-naturheilpraxis-haiber.de\/apotheke\/go\/Libidion\"><strong>\ud83d\udc49 RABATTE &#8211; 75 % + kostenloser Versand f\u00fcr Libidion\u2013 Begrenzte Zeit \u2013 JETZT KAUFEN! \ud83d\udc48<\/strong><\/a><\/p>\r\n<h2 class=\"wp-block-heading\"><strong>Libidion<\/strong> <strong>Inhaltsstoffe<\/strong><\/h2>\r\n<p data-start=\"3493\" data-end=\"3972\"><strong data-start=\"3493\" data-end=\"3505\">Libidion<\/strong> enth\u00e4lt nat\u00fcrliche Inhaltsstoffe, die auf wissenschaftlicher Basis ausgew\u00e4hlt wurden, um Energie, Balance und Libido zu f\u00f6rdern.<br data-start=\"3634\" data-end=\"3637\" \/><strong data-start=\"3637\" data-end=\"3646\">Maca:<\/strong> Unterst\u00fctzt hormonelle Stabilit\u00e4t und steigert die k\u00f6rperliche Leistungsf\u00e4higkeit.<br data-start=\"3729\" data-end=\"3732\" \/><strong data-start=\"3732\" data-end=\"3744\">Ginseng:<\/strong> F\u00f6rdert Durchblutung, Konzentration und Ausdauer.<br data-start=\"3794\" data-end=\"3797\" \/><strong data-start=\"3797\" data-end=\"3811\">L-Arginin:<\/strong> Hilft, Blutgef\u00e4\u00dfe zu erweitern und die Sauerstoffversorgung zu verbessern.<br data-start=\"3886\" data-end=\"3889\" \/>Das Zusammenspiel dieser Wirkstoffe sorgt f\u00fcr sp\u00fcrbar mehr Energie und Vitalit\u00e4t.<\/p>\r\n<h2 class=\"wp-block-heading\"><strong>Libidion Anwendung und Dosierung<\/strong><\/h2>\r\n<p data-start=\"3350\" data-end=\"3886\"><strong data-start=\"3350\" data-end=\"3362\">Libidion<\/strong> wurde so entwickelt, dass es leicht anzuwenden ist. Nehmen Sie t\u00e4glich zwei Kapseln mit viel Wasser ein \u2013 am besten am Morgen oder kurz vor dem Essen. F\u00fcr optimale Ergebnisse sollte die Einnahme \u00fcber mehrere Wochen fortgesetzt werden. Die Dosierung ist gleicherma\u00dfen f\u00fcr M\u00e4nner und Frauen geeignet. Da es sich um ein nat\u00fcrliches Nahrungserg\u00e4nzungsmittel handelt, setzt die Wirkung sanft ein und h\u00e4lt langfristig an. \u00dcberschreiten Sie nicht die empfohlene Dosis und konsultieren Sie bei gesundheitlichen Fragen Ihren Arzt.<\/p>\r\n<h2 class=\"wp-block-heading\"><strong>Libidion M\u00f6gliche Nebenwirkungen und Vorsichtsma\u00dfnahmen<\/strong><\/h2>\r\n<p data-start=\"3350\" data-end=\"3886\"><\/p>\r\n<p data-start=\"3892\" data-end=\"4552\">Obwohl <strong data-start=\"3899\" data-end=\"3911\">Libidion<\/strong> auf nat\u00fcrliche Weise hergestellt wird, k\u00f6nnen in seltenen F\u00e4llen leichte Nebenwirkungen auftreten. Dazu z\u00e4hlen Magenbeschwerden, Kopfschmerzen oder kurzzeitiges Unwohlsein. Nutzer sollten sich vor der Einnahme \u00fcber die Inhaltsstoffe informieren, um allergische Reaktionen zu vermeiden. Die empfohlene Tagesdosis sollte nicht \u00fcberschritten werden, da dies zu Nervosit\u00e4t oder Herzrasen f\u00fchren kann. Personen mit bestehenden Gesundheitsproblemen wie Bluthochdruck, Herzkrankheiten oder hormonellen St\u00f6rungen sollten vor der Einnahme \u00e4rztlichen Rat einholen. Schwangere, Stillende und Personen unter 18 Jahren sollten auf Libidion verzichten.<\/p>\r\n<p data-start=\"3892\" data-end=\"4552\"><a href=\"https:\/\/tcm-naturheilpraxis-haiber.de\/apotheke\/go\/Libidion\"><strong>\ud83d\udc49 RABATTE &#8211; 75 % + kostenloser Versand f\u00fcr Libidion\u2013 Begrenzte Zeit \u2013 JETZT KAUFEN! \ud83d\udc48<\/strong><\/a><\/p>\r\n<h2 class=\"wp-block-heading\"><strong>Libidion Erfahrungen<\/strong><\/h2>\r\n<p data-start=\"3892\" data-end=\"4552\"><\/p>\r\n<p data-start=\"3134\" data-end=\"3617\"><strong data-start=\"3134\" data-end=\"3146\">Libidion<\/strong> wird von Anwendern h\u00e4ufig gelobt. Viele M\u00e4nner berichten, dass sie sich nach einiger Zeit deutlich energiegeladener und ausgeglichener f\u00fchlen. Auch die Libido habe sich positiv entwickelt. Besonders gesch\u00e4tzt werden die nat\u00fcrlichen Inhaltsstoffe, die gute Vertr\u00e4glichkeit, die sp\u00fcrbare Wirkung und die einfache Einnahme. Einige Nutzer verwenden Libidion als Kur, w\u00e4hrend andere es langfristig in ihren Alltag integrieren, um ihr Wohlbefinden dauerhaft zu unterst\u00fctzen.<\/p>\r\n<h2 class=\"wp-block-heading\"><strong>Libidion online kaufen \u2013 Lieferung nach Deutschland, \u00d6sterreich, Schweiz &amp; Belgien<\/strong><\/h2>\r\n<p data-start=\"3134\" data-end=\"3617\"><\/p>\r\n<p data-start=\"1459\" data-end=\"1683\">Sie erhalten <strong data-start=\"1472\" data-end=\"1484\">Libidion<\/strong> ausschlie\u00dflich \u00fcber unsere <strong data-start=\"1512\" data-end=\"1530\">B\u00e4ren-Apotheke<\/strong> im Internet. Wir sind offizieller Partner des Herstellers und versenden das Produkt nach <strong data-start=\"1620\" data-end=\"1635\">Deutschland<\/strong>, <strong data-start=\"1637\" data-end=\"1651\">\u00d6sterreich<\/strong>, <strong data-start=\"1653\" data-end=\"1664\">Schweiz<\/strong> und <strong data-start=\"1669\" data-end=\"1680\">Belgien<\/strong>.<\/p>\r\n<p data-start=\"1459\" data-end=\"1683\"><a href=\"https:\/\/tcm-naturheilpraxis-haiber.de\/apotheke\/go\/Libidion\"><strong>\ud83d\udc49 RABATTE &#8211; 75 % + kostenloser Versand f\u00fcr Libidion\u2013 Begrenzte Zeit \u2013 JETZT KAUFEN! \ud83d\udc48<\/strong><\/a><\/p>\r\n<h2 class=\"wp-block-heading\"><strong>Libidion Bewertungen<\/strong>: <strong>Fazit<\/strong><\/h2>\r\n<p data-start=\"1459\" data-end=\"1683\"><\/p>\r\n<p data-start=\"3557\" data-end=\"4096\"><strong data-start=\"3557\" data-end=\"3569\">Libidion<\/strong> bietet eine nat\u00fcrliche L\u00f6sung zur F\u00f6rderung von Energie, Ausdauer und Libido. Die Kombination aus <strong data-start=\"3668\" data-end=\"3683\">Maca-Wurzel<\/strong>, <strong data-start=\"3685\" data-end=\"3696\">Ginseng<\/strong> und <strong data-start=\"3701\" data-end=\"3714\">L-Arginin<\/strong> sorgt f\u00fcr eine sp\u00fcrbare Wirkung, die sich bei kontinuierlicher Anwendung entfaltet. Anwender loben besonders die Durchblutungsf\u00f6rderung und den Energiezuwachs. Wichtig ist, die Dosierungsempfehlung einzuhalten, um beste Ergebnisse zu erzielen. Durch die nat\u00fcrliche Zusammensetzung und den fairen Preis ist Libidion ein empfehlenswertes Produkt f\u00fcr ein gesundes und aktives Leben.<\/p>\r\n<p data-start=\"3557\" data-end=\"4096\"><a href=\"https:\/\/tcm-naturheilpraxis-haiber.de\/apotheke\/go\/Libidion\"><strong>\ud83d\udc49 RABATTE &#8211; 75 % + kostenloser Versand f\u00fcr Libidion\u2013 Begrenzte Zeit \u2013 JETZT KAUFEN! \ud83d\udc48<\/strong><\/a><\/p>\r\n<h2 class=\"wp-block-heading\"><strong>Libidion Bewertungen: H\u00e4ufig gestellte fragen<\/strong><\/h2>\r\n<p data-start=\"3557\" data-end=\"4096\"><\/p>\r\n<p data-start=\"1563\" data-end=\"1708\"><strong data-start=\"1563\" data-end=\"1596\">F\u00fcr wen ist Libidion gedacht?<\/strong><br data-start=\"1596\" data-end=\"1599\" \/>F\u00fcr M\u00e4nner und Frauen, die mehr Energie, Ausdauer und Lebensfreude w\u00fcnschen \u2013 ganz ohne k\u00fcnstliche Zus\u00e4tze.<\/p>\r\n<p data-start=\"1710\" data-end=\"1868\"><strong data-start=\"1710\" data-end=\"1741\">Wie nimmt man Libidion ein?<\/strong><br data-start=\"1741\" data-end=\"1744\" \/>Zwei Kapseln t\u00e4glich mit Wasser, idealerweise morgens oder vor dem Essen. Regelm\u00e4\u00dfige Einnahme sorgt f\u00fcr beste Ergebnisse.<\/p>\r\n<p data-start=\"1870\" data-end=\"2008\"><strong data-start=\"1870\" data-end=\"1906\">Welche Inhaltsstoffe enth\u00e4lt es?<\/strong><br data-start=\"1906\" data-end=\"1909\" \/>Maca f\u00fcr Hormonausgleich, Ginseng f\u00fcr Energie und Fokus, L-Arginin f\u00fcr eine bessere Durchblutung.<\/p>\r\n<p data-start=\"2010\" data-end=\"2174\"><strong data-start=\"2010\" data-end=\"2037\">Gibt es Nebenwirkungen?<\/strong><br data-start=\"2037\" data-end=\"2040\" \/>Selten treten leichte Magenprobleme oder Kopfschmerzen auf. Personen mit Vorerkrankungen sollten vor der Einnahme ihren Arzt fragen.<\/p>\r\n<p data-start=\"2176\" data-end=\"2254\"><strong data-start=\"2176\" data-end=\"2200\">Wann wirkt Libidion?<\/strong><br data-start=\"2200\" data-end=\"2203\" \/>Nach 2\u20133 Wochen zeigen sich erste Verbesserungen.<\/p>\r\n<p data-start=\"2256\" data-end=\"2367\"><strong data-start=\"2256\" data-end=\"2287\">Was unterscheidet Libidion?<\/strong><br data-start=\"2287\" data-end=\"2290\" \/>Nat\u00fcrliche Formel, einfache Anwendung und gutes Preis-Leistungs-Verh\u00e4ltnis.<\/p>\r\n<p data-start=\"2369\" data-end=\"2437\"><strong data-start=\"2369\" data-end=\"2383\">Wo kaufen?<\/strong><br data-start=\"2383\" data-end=\"2386\" \/>Nur \u00fcber die offizielle Webseite des Herstellers.<\/p>\r\n<p data-start=\"2439\" data-end=\"2502\"><strong data-start=\"2439\" data-end=\"2459\">Wie aufbewahren?<\/strong><br data-start=\"2459\" data-end=\"2462\" \/>K\u00fchl, trocken und kindersicher lagern.<\/p>\r\n<p data-start=\"2439\" data-end=\"2502\"><a href=\"https:\/\/tcm-naturheilpraxis-haiber.de\/apotheke\/go\/Libidion\"><strong>\ud83d\udc49 RABATTE &#8211; 75 % + kostenloser Versand f\u00fcr Libidion\u2013 Begrenzte Zeit \u2013 JETZT KAUFEN! \ud83d\udc48<\/strong><\/a><\/p>\r\n<p data-start=\"3493\" data-end=\"3972\"><\/p>\r\n<p data-start=\"2953\" data-end=\"3426\"><\/p>\r\n<p data-start=\"3783\" data-end=\"4376\"><\/p>\r\n\r\n<p data-start=\"2395\" data-end=\"2724\"><\/p>\r\n","protected":false},"excerpt":{"rendered":"","protected":false},"featured_media":95,"comment_status":"open","ping_status":"closed","template":"","meta":[],"product_brand":[],"product_cat":[18],"product_tag":[],"class_list":{"0":"post-94","1":"product","2":"type-product","3":"status-publish","4":"has-post-thumbnail","6":"product_cat-gesundheit","7":"sales-flash-overlay","8":"woocommerce-text-align-center","9":"woocommerce-image-align-center","10":"do-quantity-buttons","12":"first","13":"instock","14":"sale","15":"shipping-taxable","16":"product-type-external"},"_links":{"self":[{"href":"https:\/\/tcm-naturheilpraxis-haiber.de\/apotheke\/wp-json\/wp\/v2\/product\/94","targetHints":{"allow":["GET"]}}],"collection":[{"href":"https:\/\/tcm-naturheilpraxis-haiber.de\/apotheke\/wp-json\/wp\/v2\/product"}],"about":[{"href":"https:\/\/tcm-naturheilpraxis-haiber.de\/apotheke\/wp-json\/wp\/v2\/types\/product"}],"replies":[{"embeddable":true,"href":"https:\/\/tcm-naturheilpraxis-haiber.de\/apotheke\/wp-json\/wp\/v2\/comments?post=94"}],"wp:featuredmedia":[{"embeddable":true,"href":"https:\/\/tcm-naturheilpraxis-haiber.de\/apotheke\/wp-json\/wp\/v2\/media\/95"}],"wp:attachment":[{"href":"https:\/\/tcm-naturheilpraxis-haiber.de\/apotheke\/wp-json\/wp\/v2\/media?parent=94"}],"wp:term":[{"taxonomy":"product_brand","embeddable":true,"href":"https:\/\/tcm-naturheilpraxis-haiber.de\/apotheke\/wp-json\/wp\/v2\/product_brand?post=94"},{"taxonomy":"product_cat","embeddable":true,"href":"https:\/\/tcm-naturheilpraxis-haiber.de\/apotheke\/wp-json\/wp\/v2\/product_cat?post=94"},{"taxonomy":"product_tag","embeddable":true,"href":"https:\/\/tcm-naturheilpraxis-haiber.de\/apotheke\/wp-json\/wp\/v2\/product_tag?post=94"}],"curies":[{"name":"wp","href":"https:\/\/api.w.org\/{rel}","templated":true}]}}