{"id":50,"date":"2025-05-03T06:27:03","date_gmt":"2025-05-03T06:27:03","guid":{"rendered":"https:\/\/tcm-naturheilpraxis-haiber.de\/apotheke\/?post_type=product&#038;p=50"},"modified":"2025-05-03T13:50:06","modified_gmt":"2025-05-03T13:50:06","slug":"vigora-xl","status":"publish","type":"product","link":"https:\/\/tcm-naturheilpraxis-haiber.de\/apotheke\/product\/vigora-xl\/","title":{"rendered":"Vigora XL"},"content":{"rendered":"\r\n<h2 class=\"wp-block-heading\"><strong>Vigora XL Bewertung<\/strong><\/h2>\r\n<p class=\"\" data-start=\"1794\" data-end=\"1921\">Dein Sexleben hat sich ver\u00e4ndert. Du f\u00fchlst dich schw\u00e4cher, deine Energie ist nicht mehr wie fr\u00fcher, und du zweifelst an dir.<\/p>\r\n<p class=\"\" data-start=\"1923\" data-end=\"2021\">Keine Sorge \u2013 viele M\u00e4nner kennen das. <strong data-start=\"1962\" data-end=\"1975\">Vigora XL<\/strong> soll helfen. Aber funktioniert es wirklich?<\/p>\r\n<p class=\"\" data-start=\"2023\" data-end=\"2142\">Wir schauen uns die Inhaltsstoffe und Erfahrungen echter Nutzer an \u2013 damit du die richtige Entscheidung treffen kannst.<\/p>\r\n<h2 class=\"wp-block-heading\"><strong>Vigora XL \u2013 Wirkungen und Vorteile<\/strong><\/h2>\r\n<p class=\"\" data-start=\"2023\" data-end=\"2142\">\r\n\r\n<\/p>\r\n<p class=\"\" data-start=\"2845\" data-end=\"2978\"><strong data-start=\"2845\" data-end=\"2858\">Vigora XL<\/strong> ist ein Produkt, das speziell f\u00fcr die Verbesserung der sexuellen Gesundheit entwickelt wurde. Es hat folgende Vorteile:<\/p>\r\n<ul data-start=\"2980\" data-end=\"3561\">\r\n<li class=\"\" data-start=\"2980\" data-end=\"3110\">\r\n<p class=\"\" data-start=\"2982\" data-end=\"3110\"><strong data-start=\"2982\" data-end=\"3014\">Verbesserte Blutzirkulation:<\/strong> Die Inhaltsstoffe unterst\u00fctzen eine bessere Blutzufuhr und helfen so, Erektionen zu verst\u00e4rken.<\/p>\r\n<\/li>\r\n<li class=\"\" data-start=\"3111\" data-end=\"3234\">\r\n<p class=\"\" data-start=\"3113\" data-end=\"3234\"><strong data-start=\"3113\" data-end=\"3142\">Mehr sexuelles Verlangen:<\/strong> Nat\u00fcrliche Extrakte f\u00f6rdern die Sexualhormonproduktion und steigern das sexuelle Interesse.<\/p>\r\n<\/li>\r\n<li class=\"\" data-start=\"3235\" data-end=\"3321\">\r\n<p class=\"\" data-start=\"3237\" data-end=\"3321\"><strong data-start=\"3237\" data-end=\"3253\">Stressabbau:<\/strong> Reduziert den Stress und hilft, die sexuelle Erfahrung zu genie\u00dfen.<\/p>\r\n<\/li>\r\n<li class=\"\" data-start=\"3322\" data-end=\"3460\">\r\n<p class=\"\" data-start=\"3324\" data-end=\"3460\"><strong data-start=\"3324\" data-end=\"3362\">Unterst\u00fctzung des Hormonhaushalts:<\/strong> Das Produkt hilft, den Hormonhaushalt zu regulieren, was f\u00fcr die sexuelle Gesundheit wichtig ist.<\/p>\r\n<\/li>\r\n<li class=\"\" data-start=\"3461\" data-end=\"3561\">\r\n<p class=\"\" data-start=\"3463\" data-end=\"3561\"><strong data-start=\"3463\" data-end=\"3481\">Mehr Ausdauer:<\/strong> St\u00e4rkt die k\u00f6rperliche Ausdauer, um die Leistungsf\u00e4higkeit im Bett zu steigern.<\/p>\r\n<\/li>\r\n<\/ul>\r\n<p class=\"\" data-start=\"3563\" data-end=\"3604\"><a href=\"https:\/\/tcm-naturheilpraxis-haiber.de\/apotheke\/go\/vigora-xl\"><strong data-start=\"3563\" data-end=\"3604\">Jetzt bestellen \u2013 bis zu 50 % Rabatt!<\/strong><\/a><\/p>\r\n<h2 class=\"wp-block-heading\"><strong>Was ist Vigora XL?<\/strong><\/h2>\r\n<p class=\"\" data-start=\"2396\" data-end=\"2566\"><strong data-start=\"2396\" data-end=\"2409\">Vigora XL<\/strong> ist ein spezielles Erg\u00e4nzungsmittel f\u00fcr M\u00e4nner, die ihre Sexualleistung steigern m\u00f6chten. Weniger Lust oder Energie? Dieses Produkt k\u00f6nnte eine L\u00f6sung sein.<\/p>\r\n<p class=\"\" data-start=\"2568\" data-end=\"2680\">Es basiert auf pflanzlichen Inhaltsstoffen, die die Energie f\u00f6rdern, M\u00fcdigkeit bek\u00e4mpfen und die Libido anregen.<\/p>\r\n<p class=\"\" data-start=\"2682\" data-end=\"2703\"><strong data-start=\"2682\" data-end=\"2701\">Hauptwirkungen:<\/strong><\/p>\r\n<ul data-start=\"2704\" data-end=\"2809\">\r\n<li class=\"\" data-start=\"2704\" data-end=\"2738\">\r\n<p class=\"\" data-start=\"2706\" data-end=\"2738\">Mehr Blutfluss im Intimbereich<\/p>\r\n<\/li>\r\n<li class=\"\" data-start=\"2739\" data-end=\"2764\">\r\n<p class=\"\" data-start=\"2741\" data-end=\"2764\">Erh\u00f6hte sexuelle Lust<\/p>\r\n<\/li>\r\n<li class=\"\" data-start=\"2765\" data-end=\"2785\">\r\n<p class=\"\" data-start=\"2767\" data-end=\"2785\">L\u00e4ngere Ausdauer<\/p>\r\n<\/li>\r\n<li class=\"\" data-start=\"2786\" data-end=\"2809\">\r\n<p class=\"\" data-start=\"2788\" data-end=\"2809\">Weniger Ersch\u00f6pfung<\/p>\r\n<\/li>\r\n<\/ul>\r\n\r\n<h2 class=\"wp-block-heading\"><strong>Wie wirkt Vigora XL?<\/strong><\/h2>\r\n\r\n<p class=\"\" data-start=\"2182\" data-end=\"2379\">Vigora XL unterst\u00fctzt M\u00e4nner, indem es den Blutfluss verbessert. Der Stoff <strong data-start=\"2294\" data-end=\"2307\">L-Arginin<\/strong> sorgt f\u00fcr die Erweiterung der Gef\u00e4\u00dfe, <strong data-start=\"2346\" data-end=\"2357\">Ginseng<\/strong> erh\u00f6ht die Energie.<\/p>\r\n<p class=\"\" data-start=\"2381\" data-end=\"2535\"><strong data-start=\"2381\" data-end=\"2404\">Tribulus Terrestris<\/strong> kann den Testosteronspiegel heben, <strong data-start=\"2440\" data-end=\"2448\">Maca<\/strong> hilft gegen M\u00fcdigkeit. Diese Kombination wirkt positiv auf Lust und Ausdauer beim Sex.<\/p>\r\n<p><a href=\"https:\/\/tcm-naturheilpraxis-haiber.de\/apotheke\/go\/vigora-xl\"><strong><u>(Exklusives Angebot) Klicken Sie hier, um\u00a0<\/u><\/strong><strong>Vigora XL\u00a0<\/strong><strong><u>jetzt mit einer 100 % Geld-zur\u00fcck-Garantie zu kaufen<\/u><\/strong><\/a><\/p>\r\n<h2 class=\"wp-block-heading\"><strong>Vigora XL Inhaltsstoffe<\/strong><\/h2>\r\n<ol data-start=\"300\" data-end=\"851\">\r\n<li class=\"\" data-start=\"300\" data-end=\"450\">\r\n<p class=\"\" data-start=\"303\" data-end=\"450\"><strong data-start=\"303\" data-end=\"337\">Horny Goat Weed (Ziegenkraut):<\/strong> Diese Pflanze verbessert die Durchblutung im Intimbereich. Sie enth\u00e4lt Icariin, das die Erektion f\u00f6rdern kann.<\/p>\r\n<\/li>\r\n<li class=\"\" data-start=\"451\" data-end=\"555\">\r\n<p class=\"\" data-start=\"454\" data-end=\"555\"><strong data-start=\"454\" data-end=\"470\">Tongkat Ali:<\/strong> Wird oft verwendet, um den Testosteronspiegel zu steigern und die Lust zu erh\u00f6hen.<\/p>\r\n<\/li>\r\n<li class=\"\" data-start=\"556\" data-end=\"644\">\r\n<p class=\"\" data-start=\"559\" data-end=\"644\"><strong data-start=\"559\" data-end=\"573\">S\u00e4gepalme:<\/strong> Unterst\u00fctzt die Prostata und kann hormonelles Gleichgewicht f\u00f6rdern.<\/p>\r\n<\/li>\r\n<li class=\"\" data-start=\"645\" data-end=\"755\">\r\n<p class=\"\" data-start=\"648\" data-end=\"755\"><strong data-start=\"648\" data-end=\"670\">Brennnesselwurzel:<\/strong> Kann helfen, den Testosteronspiegel zu stabilisieren und ist gut f\u00fcr die Harnwege.<\/p>\r\n<\/li>\r\n<li class=\"\" data-start=\"756\" data-end=\"851\">\r\n<p class=\"\" data-start=\"759\" data-end=\"851\"><strong data-start=\"759\" data-end=\"776\">Sarsaparilla:<\/strong> Traditionell als Luststeigerer genutzt, obwohl es wenig Studien dazu gibt.<\/p>\r\n<\/li>\r\n<\/ol>\r\n\r\n<h2 class=\"wp-block-heading\"><strong>Vigora XL Anwendung und Dosierung<\/strong><\/h2>\r\n<p class=\"\" data-start=\"1590\" data-end=\"1907\">Nehmen Sie <strong data-start=\"1645\" data-end=\"1658\">Vigora XL<\/strong> wie vom Hersteller empfohlen ein. Die \u00fcbliche Dosis ist eine Kapsel pro Tag, die mit einem gro\u00dfen Glas Wasser etwa 30 Minuten vor geplanter sexueller Aktivit\u00e4t eingenommen wird. \u00dcberschreiten Sie nicht die empfohlene Dosis, um Risiken zu vermeiden.<\/p>\r\n\r\n\r\n\r\n<h2 class=\"wp-block-heading\"><strong>Vigora XL Preis<\/strong><\/h2>\r\n\r\n<p class=\"\" data-start=\"2039\" data-end=\"2209\">Eine Flasche Vigora XL kostet 54,95 \u20ac, und jede Flasche enth\u00e4lt 60 Kapseln, was etwa einem Monat entspricht.<br data-start=\"2170\" data-end=\"2173\" \/>Es gibt auch Angebote f\u00fcr Bundles:<\/p>\r\n<ul data-start=\"2210\" data-end=\"2455\">\r\n<li class=\"\" data-start=\"2210\" data-end=\"2261\">\r\n<p class=\"\" data-start=\"2212\" data-end=\"2261\">3-Flaschen-Pack \u2013 89,95 \u20ac (29,98 \u20ac pro Flasche)<\/p>\r\n<\/li>\r\n<li class=\"\" data-start=\"2262\" data-end=\"2455\">\r\n<p class=\"\" data-start=\"2264\" data-end=\"2455\">5-Flaschen-Pack \u2013 109,95 \u20ac (21,99 \u20ac pro Flasche)<br data-start=\"2312\" data-end=\"2315\" \/>Kaufen Sie in gr\u00f6\u00dferen Mengen, um den Preis pro Flasche zu senken. Der Versand innerhalb der EU erfolgt schnell und ohne zus\u00e4tzliche Kosten.<\/p>\r\n<\/li>\r\n<\/ul>\r\n<p><a href=\"https:\/\/tcm-naturheilpraxis-haiber.de\/apotheke\/go\/vigora-xl\"><strong><u>(Exklusives Angebot) Klicken Sie hier, um\u00a0<\/u><\/strong><strong>Vigora XL\u00a0<\/strong><strong><u>jetzt mit einer 100 % Geld-zur\u00fcck-Garantie zu kaufen<\/u><\/strong><\/a><\/p>\r\n\r\n<h2 class=\"wp-block-heading\"><strong>Vigora XL Vorsichtsma\u00dfnahmen und Nebenwirkungen<\/strong><\/h2>\r\n<p class=\"\" data-start=\"1429\" data-end=\"1704\">Es sind keine ernsthaften Nebenwirkungen bekannt, au\u00dfer einer m\u00f6glichen allergischen Reaktion auf die Inhaltsstoffe oder einer individuellen Unvertr\u00e4glichkeit. \u00dcberpr\u00fcfen Sie daher die Inhaltsstoffliste, um Allergien zu vermeiden.<\/p>\r\n<h2 class=\"wp-block-heading\"><strong>Vigora XL \u2013 Bewertungen und Erfahrungsberichte<\/strong><\/h2>\r\n<p class=\"\" data-start=\"3191\" data-end=\"3343\">Viele Benutzer haben positive Erfahrungen mit Vigora XL gemacht. Hier sind drei Geschichten von zufriedenen Kunden:<\/p>\r\n<p class=\"\" data-start=\"3345\" data-end=\"3510\">\u201eNach einigen Wochen mit Vigora XL f\u00fchle ich mich viel fitter und vitaler. Meine sexuellen Leistungen haben sich sehr verbessert, und ich habe mehr Selbstvertrauen.\u201c<\/p>\r\n<p class=\"\" data-start=\"3512\" data-end=\"3696\">\u201eVigora XL hat meine Ausdauer sowohl im Alltag als auch im Fitnessstudio verbessert. Auch meine sexuellen Leistungen haben sich verbessert. Ich bin mit den Ergebnissen sehr zufrieden!\u201c<\/p>\r\n<p class=\"\" data-start=\"3698\" data-end=\"3900\">\u201eIch hatte immer mit M\u00fcdigkeit und einem Mangel an Energie zu k\u00e4mpfen, aber mit Vigora XL f\u00fchle ich mich viel besser. Meine sexuelle Gesundheit hat sich ebenfalls verbessert. Ein fantastisches Produkt!\u201c<\/p>\r\n<h2 class=\"wp-block-heading\"><strong>Vigora XL Bewertungen: Abschluss<\/strong><\/h2>\r\n<p class=\"\" data-start=\"3167\" data-end=\"3526\">Wenn du deine Ausdauer, Energie und dein Selbstvertrauen steigern m\u00f6chtest, k\u00f6nnte Vigora XL eine ausgezeichnete Wahl sein. Viele Nutzer haben deutliche Verbesserungen in ihrer Leistung erfahren, mit besserer Ausdauer und mehr Energie. Es enth\u00e4lt Zutaten wie Horny Goat Weed und Tongkat Ali, die zur Unterst\u00fctzung der M\u00e4nnergesundheit bekannt sind.<\/p>\r\n<p class=\"\" data-start=\"3528\" data-end=\"3930\">Vigora XL bietet ein gutes Preis-Leistungs-Verh\u00e4ltnis, mit g\u00fcnstigen Preisen, Mengenrabatten und einer 60-t\u00e4gigen Geld-zur\u00fcck-Garantie. Auch wenn die Ergebnisse variieren k\u00f6nnen, haben die meisten Nutzer positive Erfahrungen gemacht. Wenn du ein nat\u00fcrliches Produkt zur Leistungsverbesserung suchst, solltest du Vigora XL in Betracht ziehen. Du kannst es direkt auf der Offiziellen Website kaufen.<\/p>\r\n<p data-start=\"3528\" data-end=\"3930\"><a href=\"https:\/\/tcm-naturheilpraxis-haiber.de\/apotheke\/go\/vigora-xl\"><strong><u>(Exklusives Angebot) Klicken Sie hier, um\u00a0<\/u><\/strong><strong>Vigora XL\u00a0<\/strong><strong><u>jetzt mit einer 100 % Geld-zur\u00fcck-Garantie zu kaufen<\/u><\/strong><\/a><\/p>\r\n<p class=\"\" data-start=\"3698\" data-end=\"3900\">\r\n\r\n<\/p>\r\n<h2 class=\"wp-block-heading\"><strong>Vigora XL Bewertung \u2013 H\u00e4ufig gestellte Fragen (FAQs)<\/strong><\/h2>\r\n<div class=\"flex shrink basis-auto flex-col overflow-hidden -mb-(--composer-overlap-px) [--composer-overlap-px:24px] grow\">\r\n<div class=\"relative h-full\">\r\n<div class=\"flex h-full flex-col overflow-y-auto [scrollbar-gutter:stable] @[84rem]\/thread:pt-(--header-height)\">\r\n<div class=\"@thread-xl\/thread:pt-header-height mt-1.5 flex flex-col text-sm\">\r\n<article class=\"text-token-text-primary w-full sm:AIPRM__conversation__response\" dir=\"auto\" data-testid=\"conversation-turn-32\" data-scroll-anchor=\"true\">\r\n<div class=\"text-base my-auto mx-auto py-5 [--thread-content-margin:--spacing(4)] @[37rem]:[--thread-content-margin:--spacing(6)] @[72rem]:[--thread-content-margin:--spacing(16)] px-(--thread-content-margin)\">\r\n<div class=\"[--thread-content-max-width:32rem] @[34rem]:[--thread-content-max-width:40rem] @[64rem]:[--thread-content-max-width:48rem] mx-auto flex max-w-(--thread-content-max-width) flex-1 text-base gap-4 md:gap-5 lg:gap-6 group\/turn-messages focus-visible:outline-hidden\" tabindex=\"-1\">\r\n<div class=\"group\/conversation-turn relative flex w-full min-w-0 flex-col agent-turn\">\r\n<div class=\"relative flex-col gap-1 md:gap-3\">\r\n<div class=\"flex max-w-full flex-col grow\">\r\n<div class=\"min-h-8 text-message relative flex w-full flex-col items-end gap-2 text-start break-words whitespace-normal [.text-message+&amp;]:mt-5 AIPRM__conversation__response\" dir=\"auto\" data-message-author-role=\"assistant\" data-message-id=\"4560a0bd-8be2-45f7-9898-0fbfa8948036\" data-message-model-slug=\"gpt-4o-mini\">\r\n<div class=\"flex w-full flex-col gap-1 empty:hidden first:pt-[3px]\">\r\n<div class=\"markdown prose dark:prose-invert w-full break-words dark\">\r\n<p class=\"\" data-start=\"5388\" data-end=\"5675\"><strong data-start=\"5388\" data-end=\"5436\">F: Wie lange dauert es, bis Vigora XL wirkt?<\/strong><br data-start=\"5436\" data-end=\"5439\" \/>A: Die Wirkung von Vigora XL kann variieren. Einige Nutzer bemerken Ergebnisse innerhalb weniger Wochen, w\u00e4hrend es bei anderen etwas l\u00e4nger dauern kann. Um die besten Ergebnisse zu erzielen, nimm das Produkt t\u00e4glich nach Anweisung ein.<\/p>\r\n<p class=\"\" data-start=\"5677\" data-end=\"5948\"><strong data-start=\"5677\" data-end=\"5705\">F: Ist Vigora XL sicher?<\/strong><br data-start=\"5705\" data-end=\"5708\" \/>A: Ja, Vigora XL enth\u00e4lt nur nat\u00fcrliche Inhaltsstoffe und wird unter hohen Standards produziert. Es ist im Allgemeinen sicher, aber es ist ratsam, mit einem Arzt zu sprechen, wenn du gesundheitliche Bedenken hast oder Medikamente einnimmst.<\/p>\r\n<p class=\"\" data-start=\"5950\" data-end=\"6256\"><strong data-start=\"5950\" data-end=\"6024\">F: Kann ich Vigora XL mit anderen Nahrungserg\u00e4nzungsmitteln einnehmen?<\/strong><br data-start=\"6024\" data-end=\"6027\" \/>A: Ja, du kannst Vigora XL zusammen mit anderen Nahrungserg\u00e4nzungsmitteln einnehmen, aber es ist ratsam, die Zutaten zu \u00fcberpr\u00fcfen, um sicherzustellen, dass es keine \u00dcberschneidungen gibt. Ein Gespr\u00e4ch mit einem Arzt kann helfen.<\/p>\r\n<p class=\"\" data-start=\"6258\" data-end=\"6453\"><strong data-start=\"6258\" data-end=\"6294\">F: Wo kann ich Vigora XL kaufen?<\/strong><br data-start=\"6294\" data-end=\"6297\" \/>A: Du solltest Vigora XL nur auf der offiziellen Website kaufen, um sicherzustellen, dass du das echte Produkt erh\u00e4ltst und von Rabatten profitieren kannst.<\/p>\r\n<p class=\"\" data-start=\"6455\" data-end=\"6638\"><strong data-start=\"6455\" data-end=\"6496\">F: Gibt es eine Geld-zur\u00fcck-Garantie?<\/strong><br data-start=\"6496\" data-end=\"6499\" \/>A: Ja, Vigora XL bietet eine 60-Tage-Geld-zur\u00fcck-Garantie, damit du dein Geld zur\u00fcckbekommst, wenn du mit dem Produkt nicht zufrieden bist.<\/p>\r\n<p data-start=\"6455\" data-end=\"6638\"><a href=\"https:\/\/tcm-naturheilpraxis-haiber.de\/apotheke\/go\/vigora-xl\"><strong><u>(Exklusives Angebot) Klicken Sie hier, um\u00a0<\/u><\/strong><strong>Vigora XL\u00a0<\/strong><strong><u>jetzt mit einer 100 % Geld-zur\u00fcck-Garantie zu kaufen<\/u><\/strong><\/a><\/p>\r\n<p data-start=\"6455\" data-end=\"6638\">[vigoraxl]<\/p>\r\n<\/div>\r\n<\/div>\r\n<\/div>\r\n<\/div>\r\n<\/div>\r\n<\/div>\r\n<\/div>\r\n<\/div>\r\n<\/article>\r\n<\/div>\r\n<\/div>\r\n<\/div>\r\n<\/div>\r\n<p class=\"\" data-start=\"3698\" data-end=\"3900\"><\/p>\r\n<p class=\"\" data-start=\"1429\" data-end=\"1704\"><\/p>\r\n\r\n<p class=\"\" data-start=\"2381\" data-end=\"2535\"><\/p>\r\n<p class=\"\" data-start=\"2023\" data-end=\"2142\"><\/p>\r\n","protected":false},"excerpt":{"rendered":"","protected":false},"featured_media":51,"comment_status":"open","ping_status":"closed","template":"","meta":[],"product_brand":[],"product_cat":[19],"product_tag":[],"class_list":{"0":"post-50","1":"product","2":"type-product","3":"status-publish","4":"has-post-thumbnail","6":"product_cat-maennergesundheit","7":"sales-flash-overlay","8":"woocommerce-text-align-center","9":"woocommerce-image-align-center","10":"do-quantity-buttons","12":"first","13":"instock","14":"sale","15":"shipping-taxable","16":"product-type-external"},"_links":{"self":[{"href":"https:\/\/tcm-naturheilpraxis-haiber.de\/apotheke\/wp-json\/wp\/v2\/product\/50","targetHints":{"allow":["GET"]}}],"collection":[{"href":"https:\/\/tcm-naturheilpraxis-haiber.de\/apotheke\/wp-json\/wp\/v2\/product"}],"about":[{"href":"https:\/\/tcm-naturheilpraxis-haiber.de\/apotheke\/wp-json\/wp\/v2\/types\/product"}],"replies":[{"embeddable":true,"href":"https:\/\/tcm-naturheilpraxis-haiber.de\/apotheke\/wp-json\/wp\/v2\/comments?post=50"}],"wp:featuredmedia":[{"embeddable":true,"href":"https:\/\/tcm-naturheilpraxis-haiber.de\/apotheke\/wp-json\/wp\/v2\/media\/51"}],"wp:attachment":[{"href":"https:\/\/tcm-naturheilpraxis-haiber.de\/apotheke\/wp-json\/wp\/v2\/media?parent=50"}],"wp:term":[{"taxonomy":"product_brand","embeddable":true,"href":"https:\/\/tcm-naturheilpraxis-haiber.de\/apotheke\/wp-json\/wp\/v2\/product_brand?post=50"},{"taxonomy":"product_cat","embeddable":true,"href":"https:\/\/tcm-naturheilpraxis-haiber.de\/apotheke\/wp-json\/wp\/v2\/product_cat?post=50"},{"taxonomy":"product_tag","embeddable":true,"href":"https:\/\/tcm-naturheilpraxis-haiber.de\/apotheke\/wp-json\/wp\/v2\/product_tag?post=50"}],"curies":[{"name":"wp","href":"https:\/\/api.w.org\/{rel}","templated":true}]}}