{"id":42,"date":"2025-04-16T07:40:52","date_gmt":"2025-04-16T07:40:52","guid":{"rendered":"https:\/\/tcm-naturheilpraxis-haiber.de\/apotheke\/?post_type=product&#038;p=42"},"modified":"2025-04-16T07:40:52","modified_gmt":"2025-04-16T07:40:52","slug":"viri-blue","status":"publish","type":"product","link":"https:\/\/tcm-naturheilpraxis-haiber.de\/apotheke\/product\/viri-blue\/","title":{"rendered":"Viri Blue"},"content":{"rendered":"<p class=\"\" data-start=\"1465\" data-end=\"1585\"><\/p>\r\n\r\n<h2 class=\"wp-block-heading\"><strong>Viri Blue Bewertung<\/strong><\/h2>\r\n<p class=\"\" data-start=\"1465\" data-end=\"1585\">Viele M\u00e4nner w\u00fcnschen sich mehr Energie und bessere sexuelle Leistung. In der heutigen Zeit ist das ein wichtiges Thema.<\/p>\r\n<p class=\"\" data-start=\"1587\" data-end=\"1710\"><strong data-start=\"1587\" data-end=\"1600\">Viri Blue<\/strong> ist ein Nahrungserg\u00e4nzungsmittel, das M\u00e4nnern helfen soll, fitter zu werden und ihr Wohlbefinden zu steigern.<\/p>\r\n<p class=\"\" data-start=\"1712\" data-end=\"1883\">Die <strong data-start=\"1716\" data-end=\"1741\">Kapseln von Viri Blue<\/strong> bestehen aus nat\u00fcrlichen Zutaten. Diese verbessern die Blutzirkulation im Genitalbereich. So kann die Erektion h\u00e4rter und anhaltender werden.<\/p>\r\n<p class=\"\" data-start=\"1885\" data-end=\"2036\">In diesem Beitrag zeigen wir dir, wie <strong data-start=\"1923\" data-end=\"1936\">Viri Blue<\/strong> wirkt, welche Stoffe es enth\u00e4lt, welche Vorteile es bietet und was andere M\u00e4nner dar\u00fcber berichten.<\/p>\r\n\r\n<h2 class=\"wp-block-heading\"><strong>Viri Blue Vorteile<\/strong><\/h2>\r\n<ul data-start=\"1586\" data-end=\"2065\">\r\n \t<li class=\"\" data-start=\"1586\" data-end=\"1682\">\r\n<p class=\"\" data-start=\"1588\" data-end=\"1682\"><strong data-start=\"1588\" data-end=\"1623\">Sexuelle Gesundheit verbessern:<\/strong> Die Kapseln unterst\u00fctzen bessere Erektionen und mehr Lust.<\/p>\r\n<\/li>\r\n \t<li class=\"\" data-start=\"1683\" data-end=\"1775\">\r\n<p class=\"\" data-start=\"1685\" data-end=\"1775\"><strong data-start=\"1685\" data-end=\"1704\">Energie tanken:<\/strong> Sie helfen bei Ersch\u00f6pfung und f\u00f6rdern k\u00f6rperliche Leistungsf\u00e4higkeit.<\/p>\r\n<\/li>\r\n \t<li class=\"\" data-start=\"1776\" data-end=\"1875\">\r\n<p class=\"\" data-start=\"1778\" data-end=\"1875\"><strong data-start=\"1778\" data-end=\"1804\">L\u00e4ngere Belastbarkeit:<\/strong> Regelm\u00e4\u00dfige Einnahme verbessert die Ausdauer beim Sport und im Alltag.<\/p>\r\n<\/li>\r\n \t<li class=\"\" data-start=\"1876\" data-end=\"1969\">\r\n<p class=\"\" data-start=\"1878\" data-end=\"1969\"><strong data-start=\"1878\" data-end=\"1910\">Mehr Fokus &amp; weniger Stress:<\/strong> Sie k\u00f6nnen die Stimmung verbessern und beim Denken helfen.<\/p>\r\n<\/li>\r\n \t<li class=\"\" data-start=\"1970\" data-end=\"2065\">\r\n<p class=\"\" data-start=\"1972\" data-end=\"2065\"><strong data-start=\"1972\" data-end=\"2004\">Gesunder Testosteronspiegel:<\/strong> Wichtig f\u00fcr Muskeln, Potenz und das allgemeine Wohlbefinden.<\/p>\r\n<\/li>\r\n<\/ul>\r\n<p class=\"\" data-start=\"1885\" data-end=\"2036\"><\/p>\r\n\r\n<h2 class=\"wp-block-heading\"><strong>Viri-Blue: Was ist das?<\/strong><\/h2>\r\n<p class=\"\" data-start=\"1885\" data-end=\"2036\"><\/p>\r\n<p class=\"\" data-start=\"1326\" data-end=\"1653\"><strong data-start=\"1326\" data-end=\"1339\">VIRI-BLUE<\/strong> ist ein Produkt f\u00fcr M\u00e4nner, die ihre Vitalit\u00e4t und Leistung steigern m\u00f6chten. Es richtet sich an M\u00e4nner, die mehr Energie, bessere sexuelle Leistung und Unterst\u00fctzung f\u00fcr den Hormonhaushalt suchen.<\/p>\r\n<p class=\"\" data-start=\"1326\" data-end=\"1653\">Alle Zutaten in VIRI-BLUE stammen aus der Natur und sollen die Gesundheit des Mannes auf sichere Weise f\u00f6rdern.<\/p>\r\n\r\n<h2 class=\"wp-block-heading\"><strong>Comment fonctionne Viri-Blue ?<\/strong><\/h2>\r\n<p class=\"\" data-start=\"1326\" data-end=\"1653\"><\/p>\r\n\r\n<ul>\r\n \t<li data-start=\"1548\" data-end=\"1824\">Ce compl\u00e9ment agit avec des extraits naturels.<\/li>\r\n \t<li data-start=\"1548\" data-end=\"1824\">Il aide le sang \u00e0 mieux circuler, ce qui am\u00e9liore les performances sexuelles.<\/li>\r\n \t<li data-start=\"1548\" data-end=\"1824\">Il soutient aussi la production de sperme et garde les hormones \u00e0 un bon niveau.<\/li>\r\n \t<li data-start=\"1548\" data-end=\"1824\">Gr\u00e2ce \u00e0 tout cela, la sant\u00e9 masculine reste forte et \u00e9quilibr\u00e9e.<\/li>\r\n<\/ul>\r\n\r\n<h2 class=\"wp-block-heading\"><strong>VirilBlue Composition<\/strong><\/h2>\r\n\r\n<p class=\"\" data-start=\"1725\" data-end=\"1807\">Voici les plantes et \u00e9l\u00e9ments actifs contenus dans VirilBlue, et leurs bienfaits :<\/p>\r\n\r\n<ul data-start=\"1809\" data-end=\"2312\">\r\n \t<li class=\"\" data-start=\"1809\" data-end=\"1876\">\r\n<p class=\"\" data-start=\"1811\" data-end=\"1876\"><strong data-start=\"1811\" data-end=\"1819\">Maca<\/strong> : Plante du P\u00e9rou, connue pour stimuler le d\u00e9sir sexuel.<\/p>\r\n<\/li>\r\n \t<li class=\"\" data-start=\"1877\" data-end=\"1958\">\r\n<p class=\"\" data-start=\"1879\" data-end=\"1958\"><strong data-start=\"1879\" data-end=\"1892\">Gingembre<\/strong> : Ouvre les vaisseaux sanguins et aide \u00e0 de meilleures \u00e9rections.<\/p>\r\n<\/li>\r\n \t<li class=\"\" data-start=\"1959\" data-end=\"2029\">\r\n<p class=\"\" data-start=\"1961\" data-end=\"2029\"><strong data-start=\"1961\" data-end=\"1973\">Tribulus<\/strong> : Une plante qui renforce la libido depuis des si\u00e8cles.<\/p>\r\n<\/li>\r\n \t<li class=\"\" data-start=\"2030\" data-end=\"2099\">\r\n<p class=\"\" data-start=\"2032\" data-end=\"2099\"><strong data-start=\"2032\" data-end=\"2046\">L-Arginine<\/strong> : Favorise le flux sanguin et la puissance sexuelle.<\/p>\r\n<\/li>\r\n \t<li class=\"\" data-start=\"2100\" data-end=\"2166\">\r\n<p class=\"\" data-start=\"2102\" data-end=\"2166\"><strong data-start=\"2102\" data-end=\"2113\">Taurine<\/strong> : Contribue \u00e0 augmenter les niveaux de testost\u00e9rone.<\/p>\r\n<\/li>\r\n \t<li class=\"\" data-start=\"2167\" data-end=\"2239\">\r\n<p class=\"\" data-start=\"2169\" data-end=\"2239\"><strong data-start=\"2169\" data-end=\"2177\">Zinc<\/strong> : Aide \u00e0 \u00e9quilibrer les hormones et \u00e0 am\u00e9liorer la fertilit\u00e9.<\/p>\r\n<\/li>\r\n \t<li class=\"\" data-start=\"2240\" data-end=\"2312\">\r\n<p class=\"\" data-start=\"2242\" data-end=\"2312\"><strong data-start=\"2242\" data-end=\"2257\">Vitamine B6<\/strong> : R\u00e9duit la fatigue et renforce la vitalit\u00e9 masculine.<\/p>\r\n<\/li>\r\n<\/ul>\r\n\r\n<h2 class=\"wp-block-heading\"><strong>Viri-Blue Erfahrungen und Bewertungen<\/strong><\/h2>\r\n\r\n<p class=\"\" data-start=\"1481\" data-end=\"1582\">\ud83d\udd39 <strong data-start=\"1484\" data-end=\"1500\">Andreas (47)<\/strong>: \u201eSchon nach wenigen Tagen hatte ich mehr Energie. Die Wirkung ist echt sp\u00fcrbar.\u201c<\/p>\r\n<p class=\"\" data-start=\"1584\" data-end=\"1669\">\ud83d\udd39 <strong data-start=\"1587\" data-end=\"1601\">Marie (36)<\/strong>: \u201eIch habe das Produkt ausprobiert und finde es wirklich effektiv.\u201c<\/p>\r\n<p class=\"\" data-start=\"1671\" data-end=\"1762\">\ud83d\udd39 <strong data-start=\"1674\" data-end=\"1689\">Stefan (50)<\/strong>: \u201eAnfangs war ich unsicher, aber jetzt f\u00fchle ich mich deutlich vitaler.\u201c<\/p>\r\n<p class=\"\" data-start=\"1764\" data-end=\"1840\"><\/p>\r\n\r\n<h2 class=\"wp-block-heading\"><strong>Viri-Blue Ergebnisse<\/strong><\/h2>\r\n<p class=\"\" data-start=\"1764\" data-end=\"1840\"><\/p>\r\n\r\n<ul data-start=\"1045\" data-end=\"1236\">\r\n \t<li class=\"\" data-start=\"1045\" data-end=\"1075\">\r\n<p class=\"\" data-start=\"1047\" data-end=\"1075\">Verbesserte Erektionskraft<\/p>\r\n<\/li>\r\n \t<li class=\"\" data-start=\"1076\" data-end=\"1108\">\r\n<p class=\"\" data-start=\"1078\" data-end=\"1108\">Erh\u00f6htes sexuelles Interesse<\/p>\r\n<\/li>\r\n \t<li class=\"\" data-start=\"1109\" data-end=\"1146\">\r\n<p class=\"\" data-start=\"1111\" data-end=\"1146\">L\u00e4ngere Ausdauer beim Liebesspiel<\/p>\r\n<\/li>\r\n \t<li class=\"\" data-start=\"1147\" data-end=\"1184\">\r\n<p class=\"\" data-start=\"1149\" data-end=\"1184\">Mehr Sicherheit und Zufriedenheit<\/p>\r\n<\/li>\r\n \t<li class=\"\" data-start=\"1185\" data-end=\"1236\">\r\n<p class=\"\" data-start=\"1187\" data-end=\"1236\">Intensivere gemeinsame Erlebnisse mit dem Partner<\/p>\r\n<\/li>\r\n<\/ul>\r\n\r\n<h2 class=\"wp-block-heading\"><strong>Viri-Blue Nebenwirkungen<\/strong><\/h2>\r\n\r\n<p class=\"\" data-start=\"1098\" data-end=\"1331\">Dieses Mittel wird aus nat\u00fcrlichen Stoffen hergestellt und gilt als gut vertr\u00e4glich. Nebenwirkungen sind unwahrscheinlich, solange die Dosierung stimmt. Zu viel kann jedoch dem K\u00f6rper schaden. Deshalb: Nie mehr nehmen, als empfohlen.<\/p>\r\n\r\n<h2 class=\"wp-block-heading\"><strong>Viri-Blue Kapseln Preise <\/strong><\/h2>\r\n<p class=\"\" data-start=\"1098\" data-end=\"1331\"><\/p>\r\n<p class=\"\" data-start=\"1462\" data-end=\"1550\">Je nach Anbieter und Aktion kann Viri-Blue unterschiedlich viel kosten. Typische Preise:<\/p>\r\n\r\n<ul data-start=\"1552\" data-end=\"1672\">\r\n \t<li class=\"\" data-start=\"1552\" data-end=\"1579\">\r\n<p class=\"\" data-start=\"1554\" data-end=\"1579\">1 Flasche: <strong data-start=\"1565\" data-end=\"1577\">ca. 39 \u20ac<\/strong><\/p>\r\n<\/li>\r\n \t<li class=\"\" data-start=\"1580\" data-end=\"1609\">\r\n<p class=\"\" data-start=\"1582\" data-end=\"1609\">2 Flaschen: <strong data-start=\"1594\" data-end=\"1607\">etwa 67 \u20ac<\/strong><\/p>\r\n<\/li>\r\n \t<li class=\"\" data-start=\"1610\" data-end=\"1643\">\r\n<p class=\"\" data-start=\"1612\" data-end=\"1643\">3 Flaschen: <strong data-start=\"1624\" data-end=\"1641\">ungef\u00e4hr 89 \u20ac<\/strong><\/p>\r\n<\/li>\r\n \t<li class=\"\" data-start=\"1644\" data-end=\"1672\">\r\n<p class=\"\" data-start=\"1646\" data-end=\"1672\">4 Flaschen: <strong data-start=\"1658\" data-end=\"1672\">rund 117 \u20ac<\/strong><\/p>\r\n<\/li>\r\n<\/ul>\r\n<p class=\"\" data-start=\"1674\" data-end=\"1795\">\ud83d\udce6 Hinweis: Die gr\u00f6\u00dferen Pakete bieten meist den besten Preis. Kaufen Sie nur beim offiziellen Anbieter f\u00fcr Originalware.<\/p>\r\n\r\n<h2 class=\"wp-block-heading\"><strong>O\u00f9 acheter ce Viri-Blue? Prix \u2013 Amazon, Pharmacie<\/strong><\/h2>\r\n<p class=\"\" data-start=\"1133\" data-end=\"1417\">Vous ne pouvez pas acheter Viri-Blue dans les pharmacies classiques ni sur Amazon. Le fabricant vend uniquement sur son site internet officiel. En ce moment, il y a une r\u00e9duction : <strong data-start=\"1314\" data-end=\"1325\">39,90 \u20ac<\/strong> au lieu de <strong data-start=\"1337\" data-end=\"1349\">108,00 \u20ac<\/strong>. Pour un achat s\u00fbr et des infos \u00e0 jour, consultez le site officiel.<\/p>\r\n\r\n<h2 class=\"wp-block-heading\"><strong>Viri-Blue \u2013 Posologie \u2013 Conseil d\u2019utilisation<\/strong><\/h2>\r\n<p class=\"\" data-start=\"1133\" data-end=\"1417\"><\/p>\r\n<p class=\"\" data-start=\"935\" data-end=\"1173\">La posologie de Viri-Blue est simple : une capsule avec un grand verre d\u2019eau environ 30 minutes avant un rapport intime. Pour des effets \u00e0 long terme, vous pouvez prendre Viri-Blue tous les jours, mais ne d\u00e9passez pas la dose recommand\u00e9e.<\/p>\r\n\r\n<h2 class=\"wp-block-heading\"><strong>Viri Blue Bewertung: Abschluss<\/strong><\/h2>\r\n<p class=\"\" data-start=\"935\" data-end=\"1173\"><\/p>\r\n<p class=\"\" data-start=\"1742\" data-end=\"2235\">Viri-Blue hilft M\u00e4nnern, ihre sexuelle Leistung, Vitalit\u00e4t und Energie auf nat\u00fcrliche Weise zu steigern. Die Inhaltsstoffe wurden sorgf\u00e4ltig ausgew\u00e4hlt, um die Gesundheit zu unterst\u00fctzen. Um beste Ergebnisse zu erzielen, sollten Sie die Anwendungshinweise genau befolgen und das Produkt regelm\u00e4\u00dfig einnehmen. Achten Sie darauf, das Produkt nur bei zuverl\u00e4ssigen Quellen zu kaufen. Wenn Sie gesundheitliche Bedenken haben oder Medikamente nehmen, sprechen Sie vor der Verwendung mit einem Arzt.<\/p>\r\n\r\n<h2 class=\"wp-block-heading\"><strong>FAQ \u2013 H\u00e4ufig gestellte Fragen zu Viri-Blue Bewertungen<\/strong><\/h2>\r\n<p class=\"\" data-start=\"1742\" data-end=\"2235\"><\/p>\r\n<p class=\"\" data-start=\"3606\" data-end=\"3837\"><strong data-start=\"3606\" data-end=\"3667\">\ud83d\udd39 Kann ich Viri-Blue in der Apotheke oder bei DM kaufen?<\/strong><br data-start=\"3667\" data-end=\"3670\" \/>Viri-Blue ist nicht in Apotheken oder bei DM erh\u00e4ltlich. Du kannst es nur \u00fcber die offizielle Website des Herstellers kaufen, um ein authentisches Produkt zu erhalten.<\/p>\r\n<p class=\"\" data-start=\"3839\" data-end=\"4058\"><strong data-start=\"3839\" data-end=\"3885\">\ud83d\udd39 Wie sind die Erfahrungen mit Viri-Blue?<\/strong><br data-start=\"3885\" data-end=\"3888\" \/>Die meisten Bewertungen sind positiv. Viele Nutzer berichten von einer besseren Libido, l\u00e4ngeren und intensiveren sexuellen Erlebnissen sowie einer gesteigerten Leistung.<\/p>\r\n<p class=\"\" data-start=\"4060\" data-end=\"4269\"><strong data-start=\"4060\" data-end=\"4108\">\ud83d\udd39 Was kostet Viri-Blue und gibt es Rabatte?<\/strong><br data-start=\"4108\" data-end=\"4111\" \/>Eine Packung kostet etwa 39,00 \u20ac. H\u00e4ufig gibt es Rabatte, besonders beim Kauf mehrerer Packungen. Auf der offiziellen Website gibt es aktuelle Sonderangebote.<\/p>\r\n<p class=\"\" data-start=\"4271\" data-end=\"4471\"><strong data-start=\"4271\" data-end=\"4319\">\ud83d\udd39 Was sagen Nutzer in Foren \u00fcber Viri-Blue?<\/strong><br data-start=\"4319\" data-end=\"4322\" \/>Viri-Blue wird in Foren oft empfohlen. Nutzer berichten von positiven Erfahrungen und einer einfachen Anwendung, die zu sichtbaren Ergebnissen f\u00fchrt.<\/p>\r\n<p class=\"\" data-start=\"4473\" data-end=\"4684\"><strong data-start=\"4473\" data-end=\"4529\">\ud83d\udd39 Welche Inhaltsstoffe sind in Viri-Blue enthalten?<\/strong><br data-start=\"4529\" data-end=\"4532\" \/>Viri-Blue enth\u00e4lt sieben nat\u00fcrliche Zutaten wie Mineralien, Pflanzenextrakte, Antioxidantien und Carotinoide, die die m\u00e4nnliche Gesundheit unterst\u00fctzen.<\/p>\r\n<p class=\"\" data-start=\"1674\" data-end=\"1795\"><\/p>","protected":false},"excerpt":{"rendered":"<p>Viri Blue Bewertung Viele M\u00e4nner w\u00fcnschen sich mehr Energie und bessere sexuelle Leistung. In der heutigen Zeit ist das ein wichtiges Thema. Viri Blue ist ein Nahrungserg\u00e4nzungsmittel, das M\u00e4nnern helfen soll, fitter zu werden und ihr Wohlbefinden zu steigern. Die Kapseln von Viri Blue bestehen aus nat\u00fcrlichen Zutaten. Diese verbessern die Blutzirkulation im Genitalbereich. So &#8230; <a title=\"Viri Blue\" class=\"read-more\" href=\"https:\/\/tcm-naturheilpraxis-haiber.de\/apotheke\/product\/viri-blue\/\" aria-label=\"Mehr Informationen \u00fcber Viri Blue\">Weiterlesen &#8230;<\/a><\/p>\n","protected":false},"featured_media":43,"comment_status":"open","ping_status":"closed","template":"","meta":[],"product_brand":[],"product_cat":[18],"product_tag":[],"class_list":{"0":"post-42","1":"product","2":"type-product","3":"status-publish","4":"has-post-thumbnail","6":"product_cat-gesundheit","7":"sales-flash-overlay","8":"woocommerce-text-align-center","9":"woocommerce-image-align-center","10":"do-quantity-buttons","12":"first","13":"instock","14":"sale","15":"shipping-taxable","16":"product-type-external"},"_links":{"self":[{"href":"https:\/\/tcm-naturheilpraxis-haiber.de\/apotheke\/wp-json\/wp\/v2\/product\/42","targetHints":{"allow":["GET"]}}],"collection":[{"href":"https:\/\/tcm-naturheilpraxis-haiber.de\/apotheke\/wp-json\/wp\/v2\/product"}],"about":[{"href":"https:\/\/tcm-naturheilpraxis-haiber.de\/apotheke\/wp-json\/wp\/v2\/types\/product"}],"replies":[{"embeddable":true,"href":"https:\/\/tcm-naturheilpraxis-haiber.de\/apotheke\/wp-json\/wp\/v2\/comments?post=42"}],"wp:featuredmedia":[{"embeddable":true,"href":"https:\/\/tcm-naturheilpraxis-haiber.de\/apotheke\/wp-json\/wp\/v2\/media\/43"}],"wp:attachment":[{"href":"https:\/\/tcm-naturheilpraxis-haiber.de\/apotheke\/wp-json\/wp\/v2\/media?parent=42"}],"wp:term":[{"taxonomy":"product_brand","embeddable":true,"href":"https:\/\/tcm-naturheilpraxis-haiber.de\/apotheke\/wp-json\/wp\/v2\/product_brand?post=42"},{"taxonomy":"product_cat","embeddable":true,"href":"https:\/\/tcm-naturheilpraxis-haiber.de\/apotheke\/wp-json\/wp\/v2\/product_cat?post=42"},{"taxonomy":"product_tag","embeddable":true,"href":"https:\/\/tcm-naturheilpraxis-haiber.de\/apotheke\/wp-json\/wp\/v2\/product_tag?post=42"}],"curies":[{"name":"wp","href":"https:\/\/api.w.org\/{rel}","templated":true}]}}