{"id":163,"date":"2026-04-29T08:20:07","date_gmt":"2026-04-29T08:20:07","guid":{"rendered":"https:\/\/tcm-naturheilpraxis-haiber.de\/apotheke\/?post_type=product&#038;p=163"},"modified":"2026-04-29T08:20:21","modified_gmt":"2026-04-29T08:20:21","slug":"fungexin-bewertungen-warnungen-erfahrungen-nebenwirkungen-wirkt-es","status":"publish","type":"product","link":"https:\/\/tcm-naturheilpraxis-haiber.de\/apotheke\/product\/fungexin-bewertungen-warnungen-erfahrungen-nebenwirkungen-wirkt-es\/","title":{"rendered":"Fungexin Bewertungen {Warnungen}: Erfahrungen, Nebenwirkungen \u2013 Wirkt es?"},"content":{"rendered":"<h2><strong>Fungexin Bewertungen<\/strong><\/h2>\n<section class=\"text-token-text-primary w-full focus:outline-none [--shadow-height:45px] has-data-writing-block:pointer-events-none has-data-writing-block:-mt-(--shadow-height) has-data-writing-block:pt-(--shadow-height) [&amp;:has([data-writing-block])&gt;*]:pointer-events-auto [content-visibility:auto] supports-[content-visibility:auto]:[contain-intrinsic-size:auto_100lvh] R6Vx5W_threadScrollVars scroll-mb-[calc(var(--scroll-root-safe-area-inset-bottom,0px)+var(--thread-response-height))] scroll-mt-[calc(var(--header-height)+min(200px,max(70px,20svh)))]\" dir=\"auto\" data-turn-id=\"request-WEB:a7814d11-6b4a-45e1-a5b7-111c505c3317-34\" data-testid=\"conversation-turn-16\" data-scroll-anchor=\"false\" data-turn=\"assistant\">\n<div class=\"text-base my-auto mx-auto pb-10 [--thread-content-margin:var(--thread-content-margin-xs,calc(var(--spacing)*4))] @w-sm\/main:[--thread-content-margin:var(--thread-content-margin-sm,calc(var(--spacing)*6))] @w-lg\/main:[--thread-content-margin:var(--thread-content-margin-lg,calc(var(--spacing)*16))] px-(--thread-content-margin)\">\n<div class=\"[--thread-content-max-width:40rem] @w-lg\/main:[--thread-content-max-width:48rem] mx-auto max-w-(--thread-content-max-width) flex-1 group\/turn-messages focus-visible:outline-hidden relative flex w-full min-w-0 flex-col agent-turn\">\n<div class=\"flex max-w-full flex-col gap-4 grow AIPRM__conversation__response sm:AIPRM__conversation__response AIPRM__relative\">\n<div class=\"min-h-8 text-message relative flex w-full flex-col items-end gap-2 text-start break-words whitespace-normal outline-none keyboard-focused:focus-ring [.text-message+&amp;]:mt-1\" dir=\"auto\" tabindex=\"0\" data-message-author-role=\"assistant\" data-message-id=\"bb9fb88e-5663-4b2e-8d23-f496ece1dbd6\" data-message-model-slug=\"gpt-5-3\" data-turn-start-message=\"true\">\n<div class=\"flex w-full flex-col gap-1 empty:hidden\">\n<div class=\"markdown prose dark:prose-invert w-full wrap-break-word light markdown-new-styling\">\n<p data-start=\"0\" data-end=\"378\">Viele Menschen bemerken Ver\u00e4nderungen an Haut und N\u00e4geln ihrer F\u00fc\u00dfe erst sp\u00e4t. Oft treten zuerst ein unangenehmes Gef\u00fchl oder sichtbare Probleme auf. Dazu geh\u00f6ren raue N\u00e4gel, verdickte Strukturen, trockene Haut oder ein hartn\u00e4ckiger Belag, der sich mit normaler Pflege nicht leicht entfernen l\u00e4sst. In solchen F\u00e4llen ist eine regelm\u00e4\u00dfige und gezielte Pflege besonders wichtig.<\/p>\n<p data-start=\"380\" data-end=\"776\">Fungexin ist ein Anti-Pilz-Gel zur \u00e4u\u00dferen Anwendung. Es wurde speziell f\u00fcr die Pflege von Haut und N\u00e4geln an den F\u00fc\u00dfen entwickelt. Das Gel unterst\u00fctzt die t\u00e4gliche Hygiene, sorgt f\u00fcr ein frisches Gef\u00fchl und l\u00e4sst sich leicht auftragen. Es zieht schnell ein und hinterl\u00e4sst keinen fettigen Film. So wirkt die Haut gepflegt und ausgeglichen, besonders wenn sie aus dem Gleichgewicht geraten ist.<\/p>\n<hr data-start=\"778\" data-end=\"781\" \/>\n<p data-start=\"783\" data-end=\"1154\"><strong data-start=\"783\" data-end=\"830\">Indikationen f\u00fcr die Anwendung von Fungexin<\/strong><br data-start=\"830\" data-end=\"833\" \/>Fungexin wird verwendet, wenn Haut und N\u00e4gel an den F\u00fc\u00dfen mehr Pflege brauchen. Viele Anwender berichten, dass sie vor der Anwendung Trockenheit, ein unangenehmes Gef\u00fchl oder sichtbare Ver\u00e4nderungen bemerkt haben. Die regelm\u00e4\u00dfige Anwendung hilft, die Haut zu unterst\u00fctzen und ein sauberes, gepflegtes Gef\u00fchl zu f\u00f6rdern.<\/p>\n<p data-start=\"1156\" data-end=\"1194\">Typische Anwendungssituationen sind:<\/p>\n<ul data-start=\"1195\" data-end=\"1454\">\n<li data-section-id=\"hjhguq\" data-start=\"1195\" data-end=\"1252\">Pflege bei ver\u00e4nderter Nageloberfl\u00e4che oder -struktur<\/li>\n<li data-section-id=\"12pbahp\" data-start=\"1253\" data-end=\"1311\">Unterst\u00fctzung bei unangenehmem Hautgef\u00fchl an den F\u00fc\u00dfen<\/li>\n<li data-section-id=\"zmkx39\" data-start=\"1312\" data-end=\"1381\">Intensive Pflege bei starker Belastung (z. B. Sport, enge Schuhe)<\/li>\n<li data-section-id=\"1pb9bcc\" data-start=\"1382\" data-end=\"1454\">Unterst\u00fctzung eines gepflegten Hautbildes im Zehen- und Nagelbereich<\/li>\n<\/ul>\n<p data-start=\"1456\" data-end=\"1565\">Viele Nutzer sagen, dass sich ihre F\u00fc\u00dfe bei regelm\u00e4\u00dfiger Anwendung angenehmer anf\u00fchlen und besser aussehen.<\/p>\n<hr data-start=\"1567\" data-end=\"1570\" \/>\n<p data-start=\"1572\" data-end=\"1819\"><strong data-start=\"1572\" data-end=\"1606\">F\u00fcr wen ist Fungexin geeignet?<\/strong><br data-start=\"1606\" data-end=\"1609\" \/>Fungexin ist f\u00fcr Erwachsene gedacht, die ihre Fu\u00df- und Nagelpflege verbessern m\u00f6chten. Es ist besonders geeignet f\u00fcr Menschen, die Wert auf regelm\u00e4\u00dfige Pflege legen und Ver\u00e4nderungen fr\u00fch unterst\u00fctzen wollen.<\/p>\n<p data-start=\"1821\" data-end=\"2006\">Vor der Anwendung f\u00fchlen sich viele unsicher wegen sichtbarer Ver\u00e4nderungen oder Beschwerden. Nach einiger Zeit berichten viele von einer besseren Hautstruktur und gepflegteren F\u00fc\u00dfen.<\/p>\n<p data-start=\"2008\" data-end=\"2045\">Fungexin eignet sich besonders f\u00fcr:<\/p>\n<ul data-start=\"2046\" data-end=\"2257\">\n<li data-section-id=\"4hg3oq\" data-start=\"2046\" data-end=\"2095\">Erwachsene mit erh\u00f6htem Pflegebedarf der F\u00fc\u00dfe<\/li>\n<li data-section-id=\"1inmpdw\" data-start=\"2096\" data-end=\"2138\">Menschen mit stark beanspruchten F\u00fc\u00dfen<\/li>\n<li data-section-id=\"1uz40gr\" data-start=\"2139\" data-end=\"2189\">Personen, die oft enge oder Sportschuhe tragen<\/li>\n<li data-section-id=\"q7wumb\" data-start=\"2190\" data-end=\"2257\">Anwender, die zus\u00e4tzliche Pflege bei Nagelver\u00e4nderungen m\u00f6chten<\/li>\n<\/ul>\n<p data-start=\"2259\" data-end=\"2324\">Die Anwendung ist einfach und passt gut in die t\u00e4gliche Pflege.<\/p>\n<hr data-start=\"2326\" data-end=\"2329\" \/>\n<p data-start=\"2331\" data-end=\"2610\"><strong data-start=\"2331\" data-end=\"2361\">Fungexin \u2013 Zusammensetzung<\/strong><br data-start=\"2361\" data-end=\"2364\" \/>Fungexin enth\u00e4lt eine Kombination aus pflanzlichen und pflegenden Inhaltsstoffen. Diese sind auf die Bed\u00fcrfnisse von Haut und N\u00e4geln abgestimmt. Viele Anwender berichten, dass sich trockene oder unausgeglichene Haut mit der Zeit verbessert hat.<\/p>\n<ul data-start=\"2612\" data-end=\"3046\">\n<li data-section-id=\"71n5km\" data-start=\"2612\" data-end=\"2677\">Aqua: Basis f\u00fcr eine leichte, schnell einziehende Gelstruktur<\/li>\n<li data-section-id=\"17vmccn\" data-start=\"2678\" data-end=\"2774\">Extrakt aus Agastache rugosa: Unterst\u00fctzt die Hautpflege und sorgt f\u00fcr ein angenehmes Gef\u00fchl<\/li>\n<li data-section-id=\"19gzg29\" data-start=\"2775\" data-end=\"2865\">Extrakt aus Astragalus membranaceus-Wurzel: Hilft, die Haut im Gleichgewicht zu halten<\/li>\n<li data-section-id=\"knabwm\" data-start=\"2866\" data-end=\"2922\">Menthol: Sorgt f\u00fcr ein k\u00fchlendes und frisches Gef\u00fchl<\/li>\n<li data-section-id=\"2yxy5l\" data-start=\"2923\" data-end=\"2983\">Thymol: Pflanzlicher Inhaltsstoff mit pflegender Wirkung<\/li>\n<li data-section-id=\"je5vlk\" data-start=\"2984\" data-end=\"3046\">Rizinus\u00f6l: Macht die Haut weich und unterst\u00fctzt die Pflege<\/li>\n<\/ul>\n<p data-start=\"3048\" data-end=\"3152\" data-is-last-node=\"\" data-is-only-node=\"\">Diese Kombination hilft, die Haut zu pflegen und sorgt f\u00fcr ein frisches, angenehmes Gef\u00fchl an den F\u00fc\u00dfen.<\/p>\n<section class=\"text-token-text-primary w-full focus:outline-none [--shadow-height:45px] has-data-writing-block:pointer-events-none has-data-writing-block:-mt-(--shadow-height) has-data-writing-block:pt-(--shadow-height) [&amp;:has([data-writing-block])&gt;*]:pointer-events-auto [content-visibility:auto] supports-[content-visibility:auto]:[contain-intrinsic-size:auto_100lvh] R6Vx5W_threadScrollVars scroll-mb-[calc(var(--scroll-root-safe-area-inset-bottom,0px)+var(--thread-response-height))] scroll-mt-[calc(var(--header-height)+min(200px,max(70px,20svh)))]\" dir=\"auto\" data-turn-id=\"request-WEB:a7814d11-6b4a-45e1-a5b7-111c505c3317-35\" data-testid=\"conversation-turn-18\" data-scroll-anchor=\"false\" data-turn=\"assistant\">\n<div class=\"text-base my-auto mx-auto pb-10 [--thread-content-margin:var(--thread-content-margin-xs,calc(var(--spacing)*4))] @w-sm\/main:[--thread-content-margin:var(--thread-content-margin-sm,calc(var(--spacing)*6))] @w-lg\/main:[--thread-content-margin:var(--thread-content-margin-lg,calc(var(--spacing)*16))] px-(--thread-content-margin)\">\n<div class=\"[--thread-content-max-width:40rem] @w-lg\/main:[--thread-content-max-width:48rem] mx-auto max-w-(--thread-content-max-width) flex-1 group\/turn-messages focus-visible:outline-hidden relative flex w-full min-w-0 flex-col agent-turn\">\n<div class=\"flex max-w-full flex-col gap-4 grow AIPRM__conversation__response sm:AIPRM__conversation__response AIPRM__relative\">\n<div class=\"min-h-8 text-message relative flex w-full flex-col items-end gap-2 text-start break-words whitespace-normal outline-none keyboard-focused:focus-ring [.text-message+&amp;]:mt-1\" dir=\"auto\" tabindex=\"0\" data-message-author-role=\"assistant\" data-message-id=\"4256dcd7-ff68-4ca0-806a-80d34412af35\" data-message-model-slug=\"gpt-5-3\" data-turn-start-message=\"true\">\n<div class=\"flex w-full flex-col gap-1 empty:hidden\">\n<div class=\"markdown prose dark:prose-invert w-full wrap-break-word light markdown-new-styling\">\n<p data-start=\"0\" data-end=\"339\"><strong data-start=\"0\" data-end=\"30\">Wirkungsweise von Fungexin<\/strong><br data-start=\"30\" data-end=\"33\" \/>Fungexin wirkt direkt auf der Hautoberfl\u00e4che und ist f\u00fcr die t\u00e4gliche Pflege der F\u00fc\u00dfe gedacht. Viele Anwender berichten, dass sie vor der Nutzung ein unangenehmes Gef\u00fchl oder sichtbare Ver\u00e4nderungen an der Haut bemerkt haben. Bei regelm\u00e4\u00dfiger Anwendung beschreiben sie eine Verbesserung des Hautzustands.<\/p>\n<p data-start=\"341\" data-end=\"714\">Das Gel legt sich leicht auf die Haut und zieht schnell ein. Die pflanzlichen Inhaltsstoffe unterst\u00fctzen die nat\u00fcrliche Pflege der Haut. Menthol sorgt f\u00fcr ein k\u00fchlendes und frisches Gef\u00fchl. Gleichzeitig helfen pflegende \u00d6le und Extrakte, die Haut weicher und geschmeidiger zu machen. Viele Nutzer berichten von einem leichteren und gepflegteren Gef\u00fchl nach der Anwendung.<\/p>\n<hr data-start=\"716\" data-end=\"719\" \/>\n<p data-start=\"721\" data-end=\"1047\"><strong data-start=\"721\" data-end=\"763\">Wie ist Fungexin anzuwenden? Dosierung<\/strong><br data-start=\"763\" data-end=\"766\" \/>Fungexin wird \u00e4u\u00dferlich auf saubere und trockene Haut im betroffenen Bereich aufgetragen. Die empfohlene Anwendung ist zweimal t\u00e4glich, morgens und abends. Eine kleine Menge reicht aus und sollte sanft in Haut und N\u00e4gel einmassiert werden, bis das Gel vollst\u00e4ndig eingezogen ist.<\/p>\n<p data-start=\"1049\" data-end=\"1315\">Viele Nutzer sagen, dass sie vor der Anwendung unsicher waren, wie sie ihre Fu\u00dfpflege durchf\u00fchren sollen. Mit einer festen Routine wird die Pflege einfacher und regelm\u00e4\u00dfiger. F\u00fcr beste Ergebnisse sollte Fungexin \u00fcber mehrere Wochen kontinuierlich verwendet werden.<\/p>\n<hr data-start=\"1317\" data-end=\"1320\" \/>\n<p data-start=\"1322\" data-end=\"1520\"><strong data-start=\"1322\" data-end=\"1362\">Gegenanzeigen und Vorsichtsma\u00dfnahmen<\/strong><br data-start=\"1362\" data-end=\"1365\" \/>Fungexin ist nur zur \u00e4u\u00dferen Anwendung geeignet. Personen mit einer bekannten Allergie gegen einen der Inhaltsstoffe sollten das Produkt nicht verwenden.<\/p>\n<p data-start=\"1522\" data-end=\"1710\" data-is-last-node=\"\" data-is-only-node=\"\">Vor der ersten Anwendung ist es sinnvoll, das Gel an einer kleinen Hautstelle zu testen, um m\u00f6gliche Reaktionen zu vermeiden. Das Produkt sollte nicht auf offene Wunden aufgetragen werden.<\/p>\n<section class=\"text-token-text-primary w-full focus:outline-none [--shadow-height:45px] has-data-writing-block:pointer-events-none has-data-writing-block:-mt-(--shadow-height) has-data-writing-block:pt-(--shadow-height) [&amp;:has([data-writing-block])&gt;*]:pointer-events-auto [content-visibility:auto] supports-[content-visibility:auto]:[contain-intrinsic-size:auto_100lvh] R6Vx5W_threadScrollVars scroll-mb-[calc(var(--scroll-root-safe-area-inset-bottom,0px)+var(--thread-response-height))] scroll-mt-[calc(var(--header-height)+min(200px,max(70px,20svh)))]\" dir=\"auto\" data-turn-id=\"request-WEB:a7814d11-6b4a-45e1-a5b7-111c505c3317-36\" data-testid=\"conversation-turn-20\" data-scroll-anchor=\"false\" data-turn=\"assistant\">\n<div class=\"text-base my-auto mx-auto pb-10 [--thread-content-margin:var(--thread-content-margin-xs,calc(var(--spacing)*4))] @w-sm\/main:[--thread-content-margin:var(--thread-content-margin-sm,calc(var(--spacing)*6))] @w-lg\/main:[--thread-content-margin:var(--thread-content-margin-lg,calc(var(--spacing)*16))] px-(--thread-content-margin)\">\n<div class=\"[--thread-content-max-width:40rem] @w-lg\/main:[--thread-content-max-width:48rem] mx-auto max-w-(--thread-content-max-width) flex-1 group\/turn-messages focus-visible:outline-hidden relative flex w-full min-w-0 flex-col agent-turn\">\n<div class=\"flex max-w-full flex-col gap-4 grow AIPRM__conversation__response sm:AIPRM__conversation__response AIPRM__relative\">\n<div class=\"min-h-8 text-message relative flex w-full flex-col items-end gap-2 text-start break-words whitespace-normal outline-none keyboard-focused:focus-ring [.text-message+&amp;]:mt-1\" dir=\"auto\" tabindex=\"0\" data-message-author-role=\"assistant\" data-message-id=\"db1784d9-4c54-4704-9869-d44968ed4702\" data-message-model-slug=\"gpt-5-3\" data-turn-start-message=\"true\">\n<div class=\"flex w-full flex-col gap-1 empty:hidden\">\n<div class=\"markdown prose dark:prose-invert w-full wrap-break-word light markdown-new-styling\">\n<p data-start=\"0\" data-end=\"301\"><strong data-start=\"0\" data-end=\"46\">Nebenwirkungen und unerw\u00fcnschte Reaktionen<\/strong><br data-start=\"46\" data-end=\"49\" \/>Fungexin wird in der Regel gut vertragen. In seltenen F\u00e4llen kann es zu leichten Hautreaktionen kommen, wie R\u00f6tungen oder einem kurzen Brennen. Das passiert meist bei sehr empfindlicher Haut. Diese Reaktionen verschwinden in der Regel schnell wieder.<\/p>\n<p data-start=\"303\" data-end=\"420\">Die meisten Anwender berichten jedoch von einer guten Vertr\u00e4glichkeit und einer angenehmen Anwendung ohne Probleme.<\/p>\n<hr data-start=\"422\" data-end=\"425\" \/>\n<p data-start=\"427\" data-end=\"684\"><strong data-start=\"427\" data-end=\"461\">Fungexin \u2013 Wirkungserfahrungen<\/strong><br data-start=\"461\" data-end=\"464\" \/>Viele Nutzer berichten, dass sie vor der Anwendung ein unangenehmes Hautgef\u00fchl, Trockenheit oder sichtbare Ver\u00e4nderungen an den N\u00e4geln hatten. Das hat oft zu Unsicherheit im Alltag oder beim Tragen von Schuhen gef\u00fchrt.<\/p>\n<p data-start=\"686\" data-end=\"743\">Nach regelm\u00e4\u00dfiger Anwendung beschreiben viele Anwender:<\/p>\n<ul data-start=\"744\" data-end=\"946\">\n<li data-section-id=\"xkmtgg\" data-start=\"744\" data-end=\"786\">Ein gepflegteres Hautbild an den F\u00fc\u00dfen<\/li>\n<li data-section-id=\"1foszqe\" data-start=\"787\" data-end=\"838\">Ein frisches und angenehmes Gef\u00fchl auf der Haut<\/li>\n<li data-section-id=\"3ts1xq\" data-start=\"839\" data-end=\"885\">Eine bessere Wahrnehmung der Nagelstruktur<\/li>\n<li data-section-id=\"q6iazj\" data-start=\"886\" data-end=\"946\">Mehr Sicherheit im Alltag und beim Tragen offener Schuhe<\/li>\n<\/ul>\n<p data-start=\"948\" data-end=\"1046\">Besonders die Kombination aus k\u00fchlenden und pflegenden Inhaltsstoffen wird oft positiv bewertet.<\/p>\n<hr data-start=\"1048\" data-end=\"1051\" \/>\n<p data-start=\"1053\" data-end=\"1362\"><strong data-start=\"1053\" data-end=\"1103\">Bewertungen und Erfahrungsberichte zu Fungexin<\/strong><br data-start=\"1103\" data-end=\"1106\" \/>Viele Anwender m\u00f6gen die einfache Anwendung und die leichte Geltextur. Das Gel zieht schnell ein und hinterl\u00e4sst keine R\u00fcckst\u00e4nde. Vor der Nutzung f\u00fchlten sich viele durch das Aussehen ihrer F\u00fc\u00dfe eingeschr\u00e4nkt, vor allem im Sommer oder beim Barfu\u00dflaufen.<\/p>\n<p data-start=\"1364\" data-end=\"1606\" data-is-last-node=\"\" data-is-only-node=\"\">Nach regelm\u00e4\u00dfiger Anwendung berichten viele von besser gepflegten F\u00fc\u00dfen und einem angenehmeren Hautgef\u00fchl. Ein gro\u00dfer Vorteil ist auch, dass sich Fungexin leicht in die t\u00e4gliche Pflege integrieren l\u00e4sst und zuverl\u00e4ssig angewendet werden kann.<\/p>\n<section class=\"text-token-text-primary w-full focus:outline-none [--shadow-height:45px] has-data-writing-block:pointer-events-none has-data-writing-block:-mt-(--shadow-height) has-data-writing-block:pt-(--shadow-height) [&amp;:has([data-writing-block])&gt;*]:pointer-events-auto [content-visibility:auto] supports-[content-visibility:auto]:[contain-intrinsic-size:auto_100lvh] R6Vx5W_threadScrollVars scroll-mb-[calc(var(--scroll-root-safe-area-inset-bottom,0px)+var(--thread-response-height))] scroll-mt-[calc(var(--header-height)+min(200px,max(70px,20svh)))]\" dir=\"auto\" data-turn-id=\"request-WEB:a7814d11-6b4a-45e1-a5b7-111c505c3317-37\" data-testid=\"conversation-turn-22\" data-scroll-anchor=\"false\" data-turn=\"assistant\">\n<div class=\"text-base my-auto mx-auto pb-10 [--thread-content-margin:var(--thread-content-margin-xs,calc(var(--spacing)*4))] @w-sm\/main:[--thread-content-margin:var(--thread-content-margin-sm,calc(var(--spacing)*6))] @w-lg\/main:[--thread-content-margin:var(--thread-content-margin-lg,calc(var(--spacing)*16))] px-(--thread-content-margin)\">\n<div class=\"[--thread-content-max-width:40rem] @w-lg\/main:[--thread-content-max-width:48rem] mx-auto max-w-(--thread-content-max-width) flex-1 group\/turn-messages focus-visible:outline-hidden relative flex w-full min-w-0 flex-col agent-turn\">\n<div class=\"flex max-w-full flex-col gap-4 grow AIPRM__conversation__response sm:AIPRM__conversation__response AIPRM__relative\">\n<div class=\"min-h-8 text-message relative flex w-full flex-col items-end gap-2 text-start break-words whitespace-normal outline-none keyboard-focused:focus-ring [.text-message+&amp;]:mt-1\" dir=\"auto\" tabindex=\"0\" data-message-author-role=\"assistant\" data-message-id=\"b1a453f6-f4c9-4bbf-9246-3a5f567776a4\" data-message-model-slug=\"gpt-5-3\" data-turn-start-message=\"true\">\n<div class=\"flex w-full flex-col gap-1 empty:hidden\">\n<div class=\"markdown prose dark:prose-invert w-full wrap-break-word light markdown-new-styling\">\n<p data-start=\"0\" data-end=\"155\"><strong data-start=\"0\" data-end=\"12\">Lagerung<\/strong><br data-start=\"12\" data-end=\"15\" \/>Fungexin sollte bei Raumtemperatur (15\u201325 \u00b0C) gelagert werden. Es sollte an einem trockenen Ort und vor Licht gesch\u00fctzt aufbewahrt werden.<\/p>\n<p data-start=\"157\" data-end=\"229\">Das Produkt muss au\u00dferhalb der Reichweite von Kindern gelagert werden.<\/p>\n<p data-start=\"231\" data-end=\"426\" data-is-last-node=\"\" data-is-only-node=\"\">Nach dem \u00d6ffnen sollte die Tube immer gut verschlossen werden. Es wird empfohlen, das Produkt innerhalb einer angemessenen Zeit zu verwenden, damit die Qualit\u00e4t der Inhaltsstoffe erhalten bleibt.<\/p>\n<\/div>\n<\/div>\n<\/div>\n<\/div>\n<\/div>\n<\/div>\n<\/section>\n<\/div>\n<\/div>\n<\/div>\n<\/div>\n<\/div>\n<\/div>\n<\/section>\n<\/div>\n<\/div>\n<\/div>\n<\/div>\n<\/div>\n<\/div>\n<\/section>\n<\/div>\n<\/div>\n<\/div>\n<\/div>\n<\/div>\n<\/div>\n<\/section>\n","protected":false},"excerpt":{"rendered":"<p>Fungexin Bewertungen Viele Menschen bemerken Ver\u00e4nderungen an Haut und N\u00e4geln ihrer F\u00fc\u00dfe erst sp\u00e4t. Oft treten zuerst ein unangenehmes Gef\u00fchl oder sichtbare Probleme auf. Dazu geh\u00f6ren raue N\u00e4gel, verdickte Strukturen, trockene Haut oder ein hartn\u00e4ckiger Belag, der sich mit normaler Pflege nicht leicht entfernen l\u00e4sst. In solchen F\u00e4llen ist eine regelm\u00e4\u00dfige und gezielte Pflege besonders &#8230; <a title=\"Fungexin Bewertungen {Warnungen}: Erfahrungen, Nebenwirkungen \u2013 Wirkt es?\" class=\"read-more\" href=\"https:\/\/tcm-naturheilpraxis-haiber.de\/apotheke\/product\/fungexin-bewertungen-warnungen-erfahrungen-nebenwirkungen-wirkt-es\/\" aria-label=\"Mehr Informationen \u00fcber Fungexin Bewertungen {Warnungen}: Erfahrungen, Nebenwirkungen \u2013 Wirkt es?\">Weiterlesen &#8230;<\/a><\/p>\n","protected":false},"featured_media":164,"comment_status":"open","ping_status":"closed","template":"","meta":[],"product_brand":[],"product_cat":[18],"product_tag":[],"class_list":{"0":"post-163","1":"product","2":"type-product","3":"status-publish","4":"has-post-thumbnail","6":"product_cat-gesundheit","7":"sales-flash-overlay","8":"woocommerce-text-align-center","9":"woocommerce-image-align-center","10":"do-quantity-buttons","11":"wc-has-gallery","13":"first","14":"instock","15":"shipping-taxable","16":"product-type-simple"},"_links":{"self":[{"href":"https:\/\/tcm-naturheilpraxis-haiber.de\/apotheke\/wp-json\/wp\/v2\/product\/163","targetHints":{"allow":["GET"]}}],"collection":[{"href":"https:\/\/tcm-naturheilpraxis-haiber.de\/apotheke\/wp-json\/wp\/v2\/product"}],"about":[{"href":"https:\/\/tcm-naturheilpraxis-haiber.de\/apotheke\/wp-json\/wp\/v2\/types\/product"}],"replies":[{"embeddable":true,"href":"https:\/\/tcm-naturheilpraxis-haiber.de\/apotheke\/wp-json\/wp\/v2\/comments?post=163"}],"wp:featuredmedia":[{"embeddable":true,"href":"https:\/\/tcm-naturheilpraxis-haiber.de\/apotheke\/wp-json\/wp\/v2\/media\/164"}],"wp:attachment":[{"href":"https:\/\/tcm-naturheilpraxis-haiber.de\/apotheke\/wp-json\/wp\/v2\/media?parent=163"}],"wp:term":[{"taxonomy":"product_brand","embeddable":true,"href":"https:\/\/tcm-naturheilpraxis-haiber.de\/apotheke\/wp-json\/wp\/v2\/product_brand?post=163"},{"taxonomy":"product_cat","embeddable":true,"href":"https:\/\/tcm-naturheilpraxis-haiber.de\/apotheke\/wp-json\/wp\/v2\/product_cat?post=163"},{"taxonomy":"product_tag","embeddable":true,"href":"https:\/\/tcm-naturheilpraxis-haiber.de\/apotheke\/wp-json\/wp\/v2\/product_tag?post=163"}],"curies":[{"name":"wp","href":"https:\/\/api.w.org\/{rel}","templated":true}]}}